{"id":63818,"date":"2023-12-26T21:27:21","date_gmt":"2023-12-26T20:27:21","guid":{"rendered":"https:\/\/webadmin.whatsupcams.com\/?page_id=63818"},"modified":"2023-12-30T20:51:05","modified_gmt":"2023-12-30T19:51:05","slug":"webcam-plan-de-corones-kronplatz","status":"publish","type":"page","link":"https:\/\/staging.whatsupcams.com\/it\/webcam-plan-de-corones-kronplatz\/","title":{"rendered":"Webcam Plan de Corones  | Kronplatz &#8211; Dolomiti"},"content":{"rendered":"<h2>Webcam, Meteo, Sci e Prenotazioni a Plan de Corones<\/h2>\n<p>Benvenuti nel cuore delle Dolomiti, l&#8217;incantevole Stazione Sciistica Plan de Corones. La nostra missione \u00e8 portare la magia delle montagne direttamente nelle vostre case attraverso la nostra incredibile Webcam Plan de Corones. Con un solo click, potrete immergervi nella bellezza mozzafiato di questo paradiso invernale, con le sue piste perfettamente innevate, le vette maestose e le foreste incantate.<\/p>\n<p><a href=\"https:\/\/www.kronplatz.com\/\" target=\"_blank\" rel=\"noopener\"><img decoding=\"async\" class=\"aligncenter wp-image-63693 size-full\" src=\"https:\/\/www.whatsupcams.com\/wp-content\/uploads\/2023\/12\/kronplatz_logo.jpg\" alt=\"Webcam Plan de Corones\" width=\"521\" height=\"80\" srcset=\"https:\/\/wuc-wp-uploads.s3.eu-central-1.amazonaws.com\/wp-content\/uploads\/2023\/12\/25171059\/kronplatz_logo.jpg 521w, https:\/\/wuc-wp-uploads.s3.eu-central-1.amazonaws.com\/wp-content\/uploads\/2023\/12\/25171059\/kronplatz_logo-300x46.jpg 300w\" sizes=\"(max-width: 521px) 100vw, 521px\" \/><\/a><\/p>\n<h3><a href=\"https:\/\/staging.whatsupcams.com\/it\/webcams\/italia\/trentino-alto-adige-it\/san-vigilio-di-marebbe-it\/kronplatz-webcam-plan-de-corones-miara\/\" target=\"_blank\" rel=\"noopener\">Livecam Plan de Corones MIARA<\/a>\u00a0 \u00a0 \u00a0 \u00a0 \u00a0 \u00a0 \u00a0 \u00a0 \u00a0 \u00a0 \u00a0 \u00a0 \u00a0 \u00a0 \u00a0 \u00a0 \u00a0 \u00a0 <a href=\"https:\/\/staging.whatsupcams.com\/it\/webcams\/italia\/trentino-alto-adige-it\/brunico\/webcam-plan-de-corones-vetta-kronplatz-vetta\/\" target=\"_blank\" rel=\"noopener\">Plan de Corones vetta<\/a><\/h3>\n<p><a href=\"https:\/\/staging.whatsupcams.com\/it\/webcams\/italia\/trentino-alto-adige-it\/san-vigilio-di-marebbe-it\/kronplatz-webcam-plan-de-corones-miara\/\" target=\"_blank\" rel=\"noopener\"><img fetchpriority=\"high\" decoding=\"async\" class=\"alignnone wp-image-63613 size-full\" title=\"Kronplatz webcam Miara\u00a0 \u00a0 \u00a0\" src=\"https:\/\/www.whatsupcams.com\/wp-content\/uploads\/2023\/12\/Kronplatz-webcam-Miara.jpg\" alt=\"web cam Plan de Corones\" width=\"500\" height=\"275\" srcset=\"https:\/\/wuc-wp-uploads.s3.eu-central-1.amazonaws.com\/wp-content\/uploads\/2023\/12\/24104600\/Kronplatz-webcam-Miara.jpg 500w, https:\/\/wuc-wp-uploads.s3.eu-central-1.amazonaws.com\/wp-content\/uploads\/2023\/12\/24104600\/Kronplatz-webcam-Miara-300x165.jpg 300w\" sizes=\"(max-width: 500px) 100vw, 500px\" \/><\/a>\u00a0 \u00a0 \u00a0 <a href=\"https:\/\/staging.whatsupcams.com\/it\/webcams\/italia\/trentino-alto-adige-it\/brunico\/webcam-plan-de-corones-vetta-kronplatz-vetta\/\" target=\"_blank\" rel=\"noopener\"><img decoding=\"async\" class=\"alignnone wp-image-63661 size-full\" title=\"Kronplatz mountain peak Webcam\" src=\"https:\/\/www.whatsupcams.com\/wp-content\/uploads\/2023\/08\/webcam-kronplatz-gipfel-plan-de-corones-vetta.jpg\" alt=\"Kronplatz mountain peak Webcam\" width=\"500\" height=\"281\" srcset=\"https:\/\/wuc-wp-uploads.s3.eu-central-1.amazonaws.com\/wp-content\/uploads\/2023\/08\/25110434\/webcam-kronplatz-gipfel-plan-de-corones-vetta.jpg 500w, https:\/\/wuc-wp-uploads.s3.eu-central-1.amazonaws.com\/wp-content\/uploads\/2023\/08\/25110434\/webcam-kronplatz-gipfel-plan-de-corones-vetta-300x169.jpg 300w\" sizes=\"(max-width: 500px) 100vw, 500px\" \/><\/a><\/p>\n<p>La Kronplatz Webcam \u00e8 la vostra finestra virtuale su questo magnifico mondo alpino. Che siate appassionati sciatori, snowboarder o semplicemente amanti della natura, la nostra webcam vi offrir\u00e0 una panoramica in tempo reale di ci\u00f2 che sta accadendo sulle piste. Godetevi la vista delle persone che sfrecciano sulla neve fresca, dei panorami suggestivi e delle condizioni perfette che rendono Plan de Corones un&#8217;esperienza unica.<\/p>\n<p>Per i nostri visitatori attenti al meteo, la Plan de Corones webcam \u00e8 un indispensabile strumento per pianificare le vostre giornate sulla neve. Con aggiornamenti in tempo reale sulle condizioni meteorologiche, potrete prendere decisioni informate su quando scendere in pista per godervi la migliore esperienza di sci possibile.<\/p>\n<p><script async src=\"https:\/\/pagead2.googlesyndication.com\/pagead\/js\/adsbygoogle.js\"><\/script><br \/>\n<!-- layout_1_top_responsive --><br \/>\n<ins class=\"adsbygoogle\" style=\"display: block;\" data-ad-client=\"ca-pub-4377340903939446\" data-ad-slot=\"9893507328\" data-ad-format=\"auto\" data-full-width-responsive=\"true\"><\/ins><br \/>\n<script>\n     (adsbygoogle = window.adsbygoogle || []).push({});\n<\/script><\/p>\n<p>Oltre alla vista panoramica e alle informazioni meteo, la nostra webcam vi offre uno sguardo privilegiato su Kronplatz, evidenziando le numerose opzioni di alloggio disponibili. Hotel e appartamenti a Plan de Corones sono accuratamente selezionati per offrire comfort e accoglienza ai nostri ospiti. Immergetevi nell&#8217;atmosfera calda e accogliente delle strutture locali, godendo di una posizione privilegiata per esplorare la bellezza circostante.<\/p>\n<h3><a href=\"https:\/\/staging.whatsupcams.com\/it\/webcams\/italia\/trentino-alto-adige-it\/valdaora-it\/valdaora-webcam-plan-de-corones\/\" target=\"_blank\" rel=\"noopener\">Valdaora webcam stazione intermedia<\/a>\u00a0 \u00a0 \u00a0 \u00a0 \u00a0 \u00a0 <a href=\"https:\/\/staging.whatsupcams.com\/it\/webcams\/italia\/trentino-alto-adige-it\/valdaora-it\/webcam-valdaora-panorama-plan-de-corones-dolomiti\/\" target=\"_blank\" rel=\"noopener\">Webcam Valdaora Panorama<\/a><\/h3>\n<p><a href=\"https:\/\/staging.whatsupcams.com\/it\/webcams\/italia\/trentino-alto-adige-it\/valdaora-it\/valdaora-webcam-plan-de-corones\/\" target=\"_blank\" rel=\"noopener\"><img loading=\"lazy\" decoding=\"async\" class=\"alignnone wp-image-63705\" title=\"Webcam Kronplatz Olang\" src=\"https:\/\/www.whatsupcams.com\/wp-content\/uploads\/2023\/12\/webcam_kronplatz_olang_plan_de_corones_valdaora.jpg\" alt=\"Valdaora webcam stazione intermedia\" width=\"500\" height=\"261\" srcset=\"https:\/\/wuc-wp-uploads.s3.eu-central-1.amazonaws.com\/wp-content\/uploads\/2023\/12\/25172049\/webcam_kronplatz_olang_plan_de_corones_valdaora.jpg 500w, https:\/\/wuc-wp-uploads.s3.eu-central-1.amazonaws.com\/wp-content\/uploads\/2023\/12\/25172049\/webcam_kronplatz_olang_plan_de_corones_valdaora-300x157.jpg 300w\" sizes=\"(max-width: 500px) 100vw, 500px\" \/><\/a>\u00a0 \u00a0 \u00a0 <a href=\"https:\/\/staging.whatsupcams.com\/it\/webcams\/italia\/trentino-alto-adige-it\/valdaora-it\/webcam-valdaora-panorama-plan-de-corones-dolomiti\/\" target=\"_blank\" rel=\"noopener\"><img loading=\"lazy\" decoding=\"async\" class=\"alignnone wp-image-63728\" title=\"Livecam Kronplatz Olang Panorama\" src=\"https:\/\/www.whatsupcams.com\/wp-content\/uploads\/2023\/12\/livecam-kronplatz-olang_panorama-plan-de-corones-valdaora.jpg\" alt=\"Webcam Valdaora Panorama Plan de Corones\" width=\"459\" height=\"257\" srcset=\"https:\/\/wuc-wp-uploads.s3.eu-central-1.amazonaws.com\/wp-content\/uploads\/2023\/12\/25193340\/livecam-kronplatz-olang_panorama-plan-de-corones-valdaora.jpg 500w, https:\/\/wuc-wp-uploads.s3.eu-central-1.amazonaws.com\/wp-content\/uploads\/2023\/12\/25193340\/livecam-kronplatz-olang_panorama-plan-de-corones-valdaora-300x168.jpg 300w\" sizes=\"(max-width: 459px) 100vw, 459px\" \/><\/a><\/p>\n<p>In conclusione, la nostra Web cam Plan de Corones \u00e8 la chiave per sbloccare l&#8217;accesso virtuale a uno dei luoghi pi\u00f9 affascinanti delle Dolomiti. Non perdete l&#8217;opportunit\u00e0 di vivere l&#8217;emozione delle montagne dalla comodit\u00e0 del vostro schermo e di pianificare la vostra vacanza con informazioni in tempo reale. Unisciti a noi nel celebrare la bellezza di Plan de Corones attraverso gli occhi della nostra webcam &#8211; l&#8217;esperienza alpina definitiva inizia qui!<\/p>\n<p><script async src=\"https:\/\/pagead2.googlesyndication.com\/pagead\/js\/adsbygoogle.js\"><\/script><br \/>\n<!-- layout 1 - top 950x120 --><br \/>\n<ins class=\"adsbygoogle\" style=\"display: inline-block; width: 950px; height: 120px;\" data-ad-client=\"ca-pub-4377340903939446\" data-ad-slot=\"7733759136\"><\/ins><br \/>\n<script>\n     (adsbygoogle = window.adsbygoogle || []).push({});\n<\/script><\/p>\n","protected":false},"excerpt":{"rendered":"<p>Webcam, Meteo, Sci e Prenotazioni a Plan de Corones Benvenuti nel cuore delle Dolomiti, l&#8217;incantevole Stazione Sciistica Plan de Corones. La nostra missione \u00e8 portare la magia delle montagne direttamente nelle vostre case attraverso la nostra incredibile Webcam Plan de Corones. Con un solo click, potrete immergervi nella bellezza mozzafiato di questo paradiso invernale, con [&hellip;]<\/p>\n","protected":false},"author":3,"featured_media":0,"parent":0,"menu_order":0,"comment_status":"closed","ping_status":"closed","template":"","meta":{"_acf_changed":false,"inline_featured_image":false,"footnotes":""},"class_list":["post-63818","page","type-page","status-publish","hentry"],"acf":[],"yoast_head":"<!-- This site is optimized with the Yoast SEO Premium plugin v25.7.1 (Yoast SEO v25.7) - https:\/\/yoast.com\/wordpress\/plugins\/seo\/ -->\n<title>Webcam PLAN de CORONES | KRONPLATZ - Dolomiti<\/title>\n<meta name=\"description\" content=\"Esplora le Dolomiti con la WEBCAM Plan de Corones, controlla il meteo, prenota il tuo soggiorno e goditi lo sci perfetto\" \/>\n<meta name=\"robots\" content=\"noindex, nofollow\" \/>\n<meta property=\"og:locale\" content=\"it_IT\" \/>\n<meta property=\"og:type\" content=\"article\" \/>\n<meta property=\"og:title\" content=\"Webcam Plan de Corones | Kronplatz - Dolomiti\" \/>\n<meta property=\"og:description\" content=\"Esplora le Dolomiti con la WEBCAM Plan de Corones, controlla il meteo, prenota il tuo soggiorno e goditi lo sci perfetto\" \/>\n<meta property=\"og:url\" content=\"https:\/\/www.whatsupcams.com\/it\/webcam-plan-de-corones-kronplatz\/\" \/>\n<meta property=\"og:site_name\" content=\"WhatsUpCams - LIVECam Webcam\" \/>\n<meta property=\"article:publisher\" content=\"https:\/\/www.facebook.com\/whatsupcams\/\" \/>\n<meta property=\"article:modified_time\" content=\"2023-12-30T19:51:05+00:00\" \/>\n<meta property=\"og:image\" content=\"https:\/\/www.whatsupcams.com\/wp-content\/uploads\/2023\/12\/kronplatz_logo.jpg\" \/>\n<meta name=\"twitter:card\" content=\"summary_large_image\" \/>\n<meta name=\"twitter:site\" content=\"@Whatsup_cams\" \/>\n<meta name=\"twitter:label1\" content=\"Est. reading time\" \/>\n\t<meta name=\"twitter:data1\" content=\"3 minutes\" \/>\n<script type=\"application\/ld+json\" class=\"yoast-schema-graph\">{\"@context\":\"https:\/\/schema.org\",\"@graph\":[{\"@type\":\"WebPage\",\"@id\":\"https:\/\/www.whatsupcams.com\/it\/webcam-plan-de-corones-kronplatz\/\",\"url\":\"https:\/\/www.whatsupcams.com\/it\/webcam-plan-de-corones-kronplatz\/\",\"name\":\"Webcam PLAN de CORONES | KRONPLATZ - Dolomiti\",\"isPartOf\":{\"@id\":\"https:\/\/www.whatsupcams.com\/en\/#website\"},\"primaryImageOfPage\":{\"@id\":\"https:\/\/www.whatsupcams.com\/it\/webcam-plan-de-corones-kronplatz\/#primaryimage\"},\"image\":{\"@id\":\"https:\/\/www.whatsupcams.com\/it\/webcam-plan-de-corones-kronplatz\/#primaryimage\"},\"thumbnailUrl\":\"https:\/\/www.whatsupcams.com\/wp-content\/uploads\/2023\/12\/kronplatz_logo.jpg\",\"datePublished\":\"2023-12-26T20:27:21+00:00\",\"dateModified\":\"2023-12-30T19:51:05+00:00\",\"description\":\"Esplora le Dolomiti con la WEBCAM Plan de Corones, controlla il meteo, prenota il tuo soggiorno e goditi lo sci perfetto\",\"breadcrumb\":{\"@id\":\"https:\/\/www.whatsupcams.com\/it\/webcam-plan-de-corones-kronplatz\/#breadcrumb\"},\"inLanguage\":\"it-IT\",\"potentialAction\":[{\"@type\":\"ReadAction\",\"target\":[\"https:\/\/www.whatsupcams.com\/it\/webcam-plan-de-corones-kronplatz\/\"]}]},{\"@type\":\"ImageObject\",\"inLanguage\":\"it-IT\",\"@id\":\"https:\/\/www.whatsupcams.com\/it\/webcam-plan-de-corones-kronplatz\/#primaryimage\",\"url\":\"https:\/\/www.whatsupcams.com\/wp-content\/uploads\/2023\/12\/kronplatz_logo.jpg\",\"contentUrl\":\"https:\/\/www.whatsupcams.com\/wp-content\/uploads\/2023\/12\/kronplatz_logo.jpg\"},{\"@type\":\"BreadcrumbList\",\"@id\":\"https:\/\/www.whatsupcams.com\/it\/webcam-plan-de-corones-kronplatz\/#breadcrumb\",\"itemListElement\":[{\"@type\":\"ListItem\",\"position\":1,\"name\":\"Home\",\"item\":\"https:\/\/staging.whatsupcams.com\/it\/home\/\"},{\"@type\":\"ListItem\",\"position\":2,\"name\":\"Webcam Plan de Corones | Kronplatz &#8211; Dolomiti\"}]},{\"@type\":\"WebSite\",\"@id\":\"https:\/\/www.whatsupcams.com\/en\/#website\",\"url\":\"https:\/\/www.whatsupcams.com\/en\/\",\"name\":\"WhatsUpCams - LIVECam Webcam\",\"description\":\"\",\"publisher\":{\"@id\":\"https:\/\/www.whatsupcams.com\/en\/#organization\"},\"potentialAction\":[{\"@type\":\"SearchAction\",\"target\":{\"@type\":\"EntryPoint\",\"urlTemplate\":\"https:\/\/www.whatsupcams.com\/en\/?s={search_term_string}\"},\"query-input\":{\"@type\":\"PropertyValueSpecification\",\"valueRequired\":true,\"valueName\":\"search_term_string\"}}],\"inLanguage\":\"it-IT\"},{\"@type\":\"Organization\",\"@id\":\"https:\/\/www.whatsupcams.com\/en\/#organization\",\"name\":\"WhatsUpCams - LIVECam Webcam\",\"url\":\"https:\/\/www.whatsupcams.com\/en\/\",\"logo\":{\"@type\":\"ImageObject\",\"inLanguage\":\"it-IT\",\"@id\":\"https:\/\/www.whatsupcams.com\/en\/#\/schema\/logo\/image\/\",\"url\":\"https:\/\/wuc-wp-uploads.s3.eu-central-1.amazonaws.com\/wp-content\/uploads\/2023\/10\/16085456\/logo.png\",\"contentUrl\":\"https:\/\/wuc-wp-uploads.s3.eu-central-1.amazonaws.com\/wp-content\/uploads\/2023\/10\/16085456\/logo.png\",\"width\":512,\"height\":512,\"caption\":\"WhatsUpCams - LIVECam Webcam\"},\"image\":{\"@id\":\"https:\/\/www.whatsupcams.com\/en\/#\/schema\/logo\/image\/\"},\"sameAs\":[\"https:\/\/www.facebook.com\/whatsupcams\/\",\"https:\/\/x.com\/Whatsup_cams\",\"https:\/\/www.instagram.com\/whatsup_cams\/\"]}]}<\/script>\n<!-- \/ Yoast SEO Premium plugin. -->","yoast_head_json":{"title":"Webcam PLAN de CORONES | KRONPLATZ - Dolomiti","description":"Esplora le Dolomiti con la WEBCAM Plan de Corones, controlla il meteo, prenota il tuo soggiorno e goditi lo sci perfetto","robots":{"index":"noindex","follow":"nofollow"},"og_locale":"it_IT","og_type":"article","og_title":"Webcam Plan de Corones | Kronplatz - Dolomiti","og_description":"Esplora le Dolomiti con la WEBCAM Plan de Corones, controlla il meteo, prenota il tuo soggiorno e goditi lo sci perfetto","og_url":"https:\/\/www.whatsupcams.com\/it\/webcam-plan-de-corones-kronplatz\/","og_site_name":"WhatsUpCams - LIVECam Webcam","article_publisher":"https:\/\/www.facebook.com\/whatsupcams\/","article_modified_time":"2023-12-30T19:51:05+00:00","og_image":[{"url":"https:\/\/www.whatsupcams.com\/wp-content\/uploads\/2023\/12\/kronplatz_logo.jpg","type":"","width":"","height":""}],"twitter_card":"summary_large_image","twitter_site":"@Whatsup_cams","twitter_misc":{"Est. reading time":"3 minutes"},"schema":{"@context":"https:\/\/schema.org","@graph":[{"@type":"WebPage","@id":"https:\/\/www.whatsupcams.com\/it\/webcam-plan-de-corones-kronplatz\/","url":"https:\/\/www.whatsupcams.com\/it\/webcam-plan-de-corones-kronplatz\/","name":"Webcam PLAN de CORONES | KRONPLATZ - Dolomiti","isPartOf":{"@id":"https:\/\/www.whatsupcams.com\/en\/#website"},"primaryImageOfPage":{"@id":"https:\/\/www.whatsupcams.com\/it\/webcam-plan-de-corones-kronplatz\/#primaryimage"},"image":{"@id":"https:\/\/www.whatsupcams.com\/it\/webcam-plan-de-corones-kronplatz\/#primaryimage"},"thumbnailUrl":"https:\/\/www.whatsupcams.com\/wp-content\/uploads\/2023\/12\/kronplatz_logo.jpg","datePublished":"2023-12-26T20:27:21+00:00","dateModified":"2023-12-30T19:51:05+00:00","description":"Esplora le Dolomiti con la WEBCAM Plan de Corones, controlla il meteo, prenota il tuo soggiorno e goditi lo sci perfetto","breadcrumb":{"@id":"https:\/\/www.whatsupcams.com\/it\/webcam-plan-de-corones-kronplatz\/#breadcrumb"},"inLanguage":"it-IT","potentialAction":[{"@type":"ReadAction","target":["https:\/\/www.whatsupcams.com\/it\/webcam-plan-de-corones-kronplatz\/"]}]},{"@type":"ImageObject","inLanguage":"it-IT","@id":"https:\/\/www.whatsupcams.com\/it\/webcam-plan-de-corones-kronplatz\/#primaryimage","url":"https:\/\/www.whatsupcams.com\/wp-content\/uploads\/2023\/12\/kronplatz_logo.jpg","contentUrl":"https:\/\/www.whatsupcams.com\/wp-content\/uploads\/2023\/12\/kronplatz_logo.jpg"},{"@type":"BreadcrumbList","@id":"https:\/\/www.whatsupcams.com\/it\/webcam-plan-de-corones-kronplatz\/#breadcrumb","itemListElement":[{"@type":"ListItem","position":1,"name":"Home","item":"https:\/\/staging.whatsupcams.com\/it\/home\/"},{"@type":"ListItem","position":2,"name":"Webcam Plan de Corones | Kronplatz &#8211; Dolomiti"}]},{"@type":"WebSite","@id":"https:\/\/www.whatsupcams.com\/en\/#website","url":"https:\/\/www.whatsupcams.com\/en\/","name":"WhatsUpCams - LIVECam Webcam","description":"","publisher":{"@id":"https:\/\/www.whatsupcams.com\/en\/#organization"},"potentialAction":[{"@type":"SearchAction","target":{"@type":"EntryPoint","urlTemplate":"https:\/\/www.whatsupcams.com\/en\/?s={search_term_string}"},"query-input":{"@type":"PropertyValueSpecification","valueRequired":true,"valueName":"search_term_string"}}],"inLanguage":"it-IT"},{"@type":"Organization","@id":"https:\/\/www.whatsupcams.com\/en\/#organization","name":"WhatsUpCams - LIVECam Webcam","url":"https:\/\/www.whatsupcams.com\/en\/","logo":{"@type":"ImageObject","inLanguage":"it-IT","@id":"https:\/\/www.whatsupcams.com\/en\/#\/schema\/logo\/image\/","url":"https:\/\/wuc-wp-uploads.s3.eu-central-1.amazonaws.com\/wp-content\/uploads\/2023\/10\/16085456\/logo.png","contentUrl":"https:\/\/wuc-wp-uploads.s3.eu-central-1.amazonaws.com\/wp-content\/uploads\/2023\/10\/16085456\/logo.png","width":512,"height":512,"caption":"WhatsUpCams - LIVECam Webcam"},"image":{"@id":"https:\/\/www.whatsupcams.com\/en\/#\/schema\/logo\/image\/"},"sameAs":["https:\/\/www.facebook.com\/whatsupcams\/","https:\/\/x.com\/Whatsup_cams","https:\/\/www.instagram.com\/whatsup_cams\/"]}]}},"_links":{"self":[{"href":"https:\/\/staging.whatsupcams.com\/it\/wp-json\/wp\/v2\/pages\/63818","targetHints":{"allow":["GET"]}}],"collection":[{"href":"https:\/\/staging.whatsupcams.com\/it\/wp-json\/wp\/v2\/pages"}],"about":[{"href":"https:\/\/staging.whatsupcams.com\/it\/wp-json\/wp\/v2\/types\/page"}],"author":[{"embeddable":true,"href":"https:\/\/staging.whatsupcams.com\/it\/wp-json\/wp\/v2\/users\/3"}],"replies":[{"embeddable":true,"href":"https:\/\/staging.whatsupcams.com\/it\/wp-json\/wp\/v2\/comments?post=63818"}],"version-history":[{"count":0,"href":"https:\/\/staging.whatsupcams.com\/it\/wp-json\/wp\/v2\/pages\/63818\/revisions"}],"wp:attachment":[{"href":"https:\/\/staging.whatsupcams.com\/it\/wp-json\/wp\/v2\/media?parent=63818"}],"curies":[{"name":"wp","href":"https:\/\/api.w.org\/{rel}","templated":true}]}}