{"id":63750,"date":"2023-12-25T20:14:39","date_gmt":"2023-12-25T19:14:39","guid":{"rendered":"https:\/\/webadmin.whatsupcams.com\/?page_id=63750"},"modified":"2023-12-25T20:28:52","modified_gmt":"2023-12-25T19:28:52","slug":"spletna-kamera-kronplatz","status":"publish","type":"page","link":"https:\/\/staging.whatsupcams.com\/sl\/spletna-kamera-kronplatz\/","title":{"rendered":"Spletna kamera Kronplatz &#8211; Dolomiti"},"content":{"rendered":"<h2>Kamere, Vreme, Smu\u010danje in nastanitve na Kronplatzu<\/h2>\n<p><strong>Spletna kamera Kronplatz<\/strong> je nepogre\u0161ljiv vir informacij za vse, ki \u017eelijo do\u017eiveti brezhibno do\u017eivetje na enem najlep\u0161ih smu\u010di\u0161\u010d v Dolomitih. Ta inovativna spletna kamera prina\u0161a realno sliko trenutnih razmer na smu\u010di\u0161\u010du Kronplatz, ki je poznan po svojih vrhunskih progah, \u010dudoviti pokrajini in gostoljubnosti.<\/p>\n<p><a href=\"https:\/\/www.kronplatz.com\/\" target=\"_blank\" rel=\"noopener\"><img decoding=\"async\" class=\"size-full wp-image-63693 aligncenter\" src=\"https:\/\/www.whatsupcams.com\/wp-content\/uploads\/2023\/12\/kronplatz_logo.jpg\" alt=\"\" width=\"521\" height=\"80\" srcset=\"https:\/\/wuc-wp-uploads.s3.eu-central-1.amazonaws.com\/wp-content\/uploads\/2023\/12\/25171059\/kronplatz_logo.jpg 521w, https:\/\/wuc-wp-uploads.s3.eu-central-1.amazonaws.com\/wp-content\/uploads\/2023\/12\/25171059\/kronplatz_logo-300x46.jpg 300w\" sizes=\"(max-width: 521px) 100vw, 521px\" \/><\/a><\/p>\n<h3><a href=\"https:\/\/www.whatsupcams.com\/sl\/webcams\/italija\/trentinsko-zgornje-poadizje\/san-vigilio-di-marebbe-sl\/kronplatz-spletna-kamera-miara\/\" target=\"_blank\" rel=\"noopener\">Kronplatz spletna kamera Miara<\/a>\u00a0 \u00a0 \u00a0 \u00a0 \u00a0 \u00a0 \u00a0 \u00a0 \u00a0 \u00a0 \u00a0 \u00a0 \u00a0 \u00a0 \u00a0 \u00a0 \u00a0 \u00a0 <a href=\"https:\/\/www.whatsupcams.com\/sl\/webcams\/italija\/trentinsko-zgornje-poadizje\/bruneck-sl\/spletna-kamera-kronplatz-vrh\/\" target=\"_blank\" rel=\"noopener\">Spletna kamera Kronplatz Vrh<\/a><\/h3>\n<p><a href=\"https:\/\/www.whatsupcams.com\/sl\/webcams\/italija\/trentinsko-zgornje-poadizje\/san-vigilio-di-marebbe-sl\/kronplatz-spletna-kamera-miara\/\" target=\"_blank\" rel=\"noopener\"><img fetchpriority=\"high\" decoding=\"async\" class=\"alignnone wp-image-63613 size-full\" title=\"Kronplatz spletna kamera Miara\" src=\"https:\/\/www.whatsupcams.com\/wp-content\/uploads\/2023\/12\/Kronplatz-webcam-Miara.jpg\" alt=\"Kronplatz spletna kamera Miara\" width=\"500\" height=\"275\" srcset=\"https:\/\/wuc-wp-uploads.s3.eu-central-1.amazonaws.com\/wp-content\/uploads\/2023\/12\/24104600\/Kronplatz-webcam-Miara.jpg 500w, https:\/\/wuc-wp-uploads.s3.eu-central-1.amazonaws.com\/wp-content\/uploads\/2023\/12\/24104600\/Kronplatz-webcam-Miara-300x165.jpg 300w\" sizes=\"(max-width: 500px) 100vw, 500px\" \/><\/a>\u00a0 \u00a0 \u00a0 <a href=\"https:\/\/www.whatsupcams.com\/sl\/webcams\/italija\/trentinsko-zgornje-poadizje\/bruneck-sl\/spletna-kamera-kronplatz-vrh\/\" target=\"_blank\" rel=\"noopener\"><img decoding=\"async\" class=\"alignnone wp-image-63661 size-full\" title=\"Spletna kamera Kronplatz Vrh\" src=\"https:\/\/www.whatsupcams.com\/wp-content\/uploads\/2023\/08\/webcam-kronplatz-gipfel-plan-de-corones-vetta.jpg\" alt=\"Spletna kamera Kronplatz Vrh\" width=\"500\" height=\"281\" srcset=\"https:\/\/wuc-wp-uploads.s3.eu-central-1.amazonaws.com\/wp-content\/uploads\/2023\/08\/25110434\/webcam-kronplatz-gipfel-plan-de-corones-vetta.jpg 500w, https:\/\/wuc-wp-uploads.s3.eu-central-1.amazonaws.com\/wp-content\/uploads\/2023\/08\/25110434\/webcam-kronplatz-gipfel-plan-de-corones-vetta-300x169.jpg 300w\" sizes=\"(max-width: 500px) 100vw, 500px\" \/><\/a><\/p>\n<p>Kamere omogo\u010dajo popotnikom in smu\u010darjem, da pred odhodom na smu\u010di\u0161\u010de preverijo trenutno vreme, vidijo aktualne razmere na progah in se odlo\u010dijo, ali je dan primeren za smu\u010danje. To je neprecenljivo orodje za vse ljubitelje zimskih \u0161portov, ki cenijo informacije v realnem \u010dasu.<\/p>\n<p>Vreme na Kronplatzu je znano po svoji spremenljivosti, zato so spletne kamere na Kronplatzu klju\u010dno orodje za tiste, ki \u017eelijo optimalno izkoristiti svoj \u010das na smu\u010di\u0161\u010du. Kamere zagotavljajo jasen pogled na nebo, temperaturo in morebitne padavine, kar pomaga smu\u010darjem pri na\u010drtovanju njihovega dneva na smu\u010di\u0161\u010du.<\/p>\n<p><script async src=\"https:\/\/pagead2.googlesyndication.com\/pagead\/js\/adsbygoogle.js\"><\/script><br \/>\n<!-- layout_1_top_responsive --><br \/>\n<ins class=\"adsbygoogle\" style=\"display: block;\" data-ad-client=\"ca-pub-4377340903939446\" data-ad-slot=\"9893507328\" data-ad-format=\"auto\" data-full-width-responsive=\"true\"><\/ins><br \/>\n<script>\n     (adsbygoogle = window.adsbygoogle || []).push({});\n<\/script><\/p>\n<p>Poleg informacij o vremenu so kamere odli\u010den vir informacij o smu\u010danju na Kronplatzu. Smu\u010di\u0161\u010de ponuja \u0161tevilne razli\u010dne proge za vse vrste smu\u010darjev, od za\u010detnikov do izku\u0161enih. Spletne kamere omogo\u010dajo ogled stanja prog, gostote snega in splo\u0161ne razmere, kar je izjemno koristno pri na\u010drtovanju smu\u010darskega dneva.<\/p>\n<h3><a href=\"https:\/\/www.whatsupcams.com\/sl\/webcams\/italija\/trentinsko-zgornje-poadizje\/olang-sl\/kronplatz-spletna-kamera-olang\/\" target=\"_blank\" rel=\"noopener\">Kronplatz spletna kamera Olang<\/a>\u00a0 \u00a0 \u00a0 \u00a0 \u00a0 \u00a0 <a href=\"https:\/\/www.whatsupcams.com\/sl\/webcams\/italija\/trentinsko-zgornje-poadizje\/olang-sl\/kronplatz-kamera-v-zivo-olang-panorama-dolomiti\/\" target=\"_blank\" rel=\"noopener\">Kronplatz kamera v \u017eivo Olang Panorama<\/a><\/h3>\n<p><a href=\"https:\/\/www.whatsupcams.com\/sl\/webcams\/italija\/trentinsko-zgornje-poadizje\/olang-sl\/kronplatz-spletna-kamera-olang\/\" target=\"_blank\" rel=\"noopener\"><img loading=\"lazy\" decoding=\"async\" class=\"alignnone wp-image-63705\" title=\"Kronplatz spletna kamera Olang\" src=\"https:\/\/www.whatsupcams.com\/wp-content\/uploads\/2023\/12\/webcam_kronplatz_olang_plan_de_corones_valdaora.jpg\" alt=\"Kronplatz spletna kamera Olang\" width=\"500\" height=\"261\" srcset=\"https:\/\/wuc-wp-uploads.s3.eu-central-1.amazonaws.com\/wp-content\/uploads\/2023\/12\/25172049\/webcam_kronplatz_olang_plan_de_corones_valdaora.jpg 500w, https:\/\/wuc-wp-uploads.s3.eu-central-1.amazonaws.com\/wp-content\/uploads\/2023\/12\/25172049\/webcam_kronplatz_olang_plan_de_corones_valdaora-300x157.jpg 300w\" sizes=\"(max-width: 500px) 100vw, 500px\" \/><\/a>\u00a0 \u00a0 \u00a0 <a href=\"https:\/\/www.whatsupcams.com\/sl\/webcams\/italija\/trentinsko-zgornje-poadizje\/olang-sl\/kronplatz-kamera-v-zivo-olang-panorama-dolomiti\/\" target=\"_blank\" rel=\"noopener\"><img loading=\"lazy\" decoding=\"async\" class=\"alignnone wp-image-63728\" title=\"Kronplatz kamera v \u017eivo Olang Panorama\" src=\"https:\/\/www.whatsupcams.com\/wp-content\/uploads\/2023\/12\/livecam-kronplatz-olang_panorama-plan-de-corones-valdaora.jpg\" alt=\"Kronplatz kamera v \u017eivo Olang Panorama\" width=\"459\" height=\"257\" srcset=\"https:\/\/wuc-wp-uploads.s3.eu-central-1.amazonaws.com\/wp-content\/uploads\/2023\/12\/25193340\/livecam-kronplatz-olang_panorama-plan-de-corones-valdaora.jpg 500w, https:\/\/wuc-wp-uploads.s3.eu-central-1.amazonaws.com\/wp-content\/uploads\/2023\/12\/25193340\/livecam-kronplatz-olang_panorama-plan-de-corones-valdaora-300x168.jpg 300w\" sizes=\"(max-width: 459px) 100vw, 459px\" \/><\/a><\/p>\n<p>Poleg smu\u010danja ponuja Kronplatz tudi vrsto nastanitev za obiskovalce. S pomo\u010djo kamere lahko potniki preverijo, ali so razmere na smu\u010di\u0161\u010du v skladu z njihovimi pri\u010dakovanji, kar jim omogo\u010da optimalno izbiro nastanitve.<\/p>\n<p>Kamere v \u017eivo so tako nepogre\u0161ljiv vir informacij za vse, ki \u017eelijo izkoristiti vse, kar ponuja to \u010dudovito smu\u010di\u0161\u010de. Ne glede na to, ali ste strasten smu\u010dar, popotnik ali preprosto ljubitelj narave, vam \u017eiva slika s\u00a0 Kronplatza omogo\u010da, da va\u0161e do\u017eivetje na tem priljubljenem smu\u010di\u0161\u010du na visoki ravni. Ne pozabite preveriti kamere pred odhodom na pot, da boste lahko u\u017eivali v vsakem trenutku na smu\u010di\u0161\u010du Kronplatz v Dolomitih.<\/p>\n<p><script async src=\"https:\/\/pagead2.googlesyndication.com\/pagead\/js\/adsbygoogle.js\"><\/script><br \/>\n<!-- layout 1 - top 950x120 --><br \/>\n<ins class=\"adsbygoogle\" style=\"display: inline-block; width: 950px; height: 120px;\" data-ad-client=\"ca-pub-4377340903939446\" data-ad-slot=\"7733759136\"><\/ins><br \/>\n<script>\n     (adsbygoogle = window.adsbygoogle || []).push({});\n<\/script><\/p>\n","protected":false},"excerpt":{"rendered":"<p>Kamere, Vreme, Smu\u010danje in nastanitve na Kronplatzu Spletna kamera Kronplatz je nepogre\u0161ljiv vir informacij za vse, ki \u017eelijo do\u017eiveti brezhibno do\u017eivetje na enem najlep\u0161ih smu\u010di\u0161\u010d v Dolomitih. Ta inovativna spletna kamera prina\u0161a realno sliko trenutnih razmer na smu\u010di\u0161\u010du Kronplatz, ki je poznan po svojih vrhunskih progah, \u010dudoviti pokrajini in gostoljubnosti. Kronplatz spletna kamera Miara\u00a0 \u00a0 [&hellip;]<\/p>\n","protected":false},"author":3,"featured_media":0,"parent":0,"menu_order":0,"comment_status":"closed","ping_status":"closed","template":"","meta":{"_acf_changed":false,"inline_featured_image":false,"footnotes":""},"class_list":["post-63750","page","type-page","status-publish","hentry"],"acf":[],"yoast_head":"<!-- This site is optimized with the Yoast SEO Premium plugin v25.7.1 (Yoast SEO v25.7) - https:\/\/yoast.com\/wordpress\/plugins\/seo\/ -->\n<title>Spletna kamera KROMPLATZ - DOLOMITI - Italija<\/title>\n<meta name=\"description\" content=\"Spletna kamera Kronplatz - Pogled v realnem \u010dasu na vreme, proge in smu\u010darske razmere. Na\u010drtujte popoln dan na \u010dudovitem smu\u010di\u0161\u010du v Dolomitih\" \/>\n<meta name=\"robots\" content=\"noindex, nofollow\" \/>\n<meta property=\"og:locale\" content=\"sl_SI\" \/>\n<meta property=\"og:type\" content=\"article\" \/>\n<meta property=\"og:title\" content=\"Spletna kamera Kronplatz - Dolomiti\" \/>\n<meta property=\"og:description\" content=\"Spletna kamera Kronplatz - Pogled v realnem \u010dasu na vreme, proge in smu\u010darske razmere. Na\u010drtujte popoln dan na \u010dudovitem smu\u010di\u0161\u010du v Dolomitih\" \/>\n<meta property=\"og:url\" content=\"https:\/\/www.whatsupcams.com\/sl\/spletna-kamera-kronplatz\/\" \/>\n<meta property=\"og:site_name\" content=\"WhatsUpCams - Kamere v \u017eivo\" \/>\n<meta property=\"article:publisher\" content=\"https:\/\/www.facebook.com\/whatsupcams\/\" \/>\n<meta property=\"article:modified_time\" content=\"2023-12-25T19:28:52+00:00\" \/>\n<meta property=\"og:image\" content=\"https:\/\/www.whatsupcams.com\/wp-content\/uploads\/2023\/12\/kronplatz_logo.jpg\" \/>\n<meta name=\"twitter:card\" content=\"summary_large_image\" \/>\n<meta name=\"twitter:site\" content=\"@Whatsup_cams\" \/>\n<meta name=\"twitter:label1\" content=\"Est. reading time\" \/>\n\t<meta name=\"twitter:data1\" content=\"3 minutes\" \/>\n<script type=\"application\/ld+json\" class=\"yoast-schema-graph\">{\"@context\":\"https:\/\/schema.org\",\"@graph\":[{\"@type\":\"WebPage\",\"@id\":\"https:\/\/www.whatsupcams.com\/sl\/spletna-kamera-kronplatz\/\",\"url\":\"https:\/\/www.whatsupcams.com\/sl\/spletna-kamera-kronplatz\/\",\"name\":\"Spletna kamera KROMPLATZ - DOLOMITI - Italija\",\"isPartOf\":{\"@id\":\"https:\/\/www.whatsupcams.com\/en\/#website\"},\"primaryImageOfPage\":{\"@id\":\"https:\/\/www.whatsupcams.com\/sl\/spletna-kamera-kronplatz\/#primaryimage\"},\"image\":{\"@id\":\"https:\/\/www.whatsupcams.com\/sl\/spletna-kamera-kronplatz\/#primaryimage\"},\"thumbnailUrl\":\"https:\/\/www.whatsupcams.com\/wp-content\/uploads\/2023\/12\/kronplatz_logo.jpg\",\"datePublished\":\"2023-12-25T19:14:39+00:00\",\"dateModified\":\"2023-12-25T19:28:52+00:00\",\"description\":\"Spletna kamera Kronplatz - Pogled v realnem \u010dasu na vreme, proge in smu\u010darske razmere. Na\u010drtujte popoln dan na \u010dudovitem smu\u010di\u0161\u010du v Dolomitih\",\"breadcrumb\":{\"@id\":\"https:\/\/www.whatsupcams.com\/sl\/spletna-kamera-kronplatz\/#breadcrumb\"},\"inLanguage\":\"sl-SI\",\"potentialAction\":[{\"@type\":\"ReadAction\",\"target\":[\"https:\/\/www.whatsupcams.com\/sl\/spletna-kamera-kronplatz\/\"]}]},{\"@type\":\"ImageObject\",\"inLanguage\":\"sl-SI\",\"@id\":\"https:\/\/www.whatsupcams.com\/sl\/spletna-kamera-kronplatz\/#primaryimage\",\"url\":\"https:\/\/www.whatsupcams.com\/wp-content\/uploads\/2023\/12\/kronplatz_logo.jpg\",\"contentUrl\":\"https:\/\/www.whatsupcams.com\/wp-content\/uploads\/2023\/12\/kronplatz_logo.jpg\"},{\"@type\":\"BreadcrumbList\",\"@id\":\"https:\/\/www.whatsupcams.com\/sl\/spletna-kamera-kronplatz\/#breadcrumb\",\"itemListElement\":[{\"@type\":\"ListItem\",\"position\":1,\"name\":\"Home\",\"item\":\"https:\/\/staging.whatsupcams.com\/sl\/home\/\"},{\"@type\":\"ListItem\",\"position\":2,\"name\":\"Spletna kamera Kronplatz &#8211; Dolomiti\"}]},{\"@type\":\"WebSite\",\"@id\":\"https:\/\/www.whatsupcams.com\/en\/#website\",\"url\":\"https:\/\/www.whatsupcams.com\/en\/\",\"name\":\"WhatsUpCams - Kamere v \u017eivo\",\"description\":\"\",\"publisher\":{\"@id\":\"https:\/\/www.whatsupcams.com\/en\/#organization\"},\"potentialAction\":[{\"@type\":\"SearchAction\",\"target\":{\"@type\":\"EntryPoint\",\"urlTemplate\":\"https:\/\/www.whatsupcams.com\/en\/?s={search_term_string}\"},\"query-input\":{\"@type\":\"PropertyValueSpecification\",\"valueRequired\":true,\"valueName\":\"search_term_string\"}}],\"inLanguage\":\"sl-SI\"},{\"@type\":\"Organization\",\"@id\":\"https:\/\/www.whatsupcams.com\/en\/#organization\",\"name\":\"WhatsUpCams - Kamere v \u017eivo\",\"url\":\"https:\/\/www.whatsupcams.com\/en\/\",\"logo\":{\"@type\":\"ImageObject\",\"inLanguage\":\"sl-SI\",\"@id\":\"https:\/\/www.whatsupcams.com\/en\/#\/schema\/logo\/image\/\",\"url\":\"https:\/\/wuc-wp-uploads.s3.eu-central-1.amazonaws.com\/wp-content\/uploads\/2023\/10\/16085456\/logo.png\",\"contentUrl\":\"https:\/\/wuc-wp-uploads.s3.eu-central-1.amazonaws.com\/wp-content\/uploads\/2023\/10\/16085456\/logo.png\",\"width\":512,\"height\":512,\"caption\":\"WhatsUpCams - Kamere v \u017eivo\"},\"image\":{\"@id\":\"https:\/\/www.whatsupcams.com\/en\/#\/schema\/logo\/image\/\"},\"sameAs\":[\"https:\/\/www.facebook.com\/whatsupcams\/\",\"https:\/\/x.com\/Whatsup_cams\",\"https:\/\/www.instagram.com\/whatsup_cams\/\"]}]}<\/script>\n<!-- \/ Yoast SEO Premium plugin. -->","yoast_head_json":{"title":"Spletna kamera KROMPLATZ - DOLOMITI - Italija","description":"Spletna kamera Kronplatz - Pogled v realnem \u010dasu na vreme, proge in smu\u010darske razmere. Na\u010drtujte popoln dan na \u010dudovitem smu\u010di\u0161\u010du v Dolomitih","robots":{"index":"noindex","follow":"nofollow"},"og_locale":"sl_SI","og_type":"article","og_title":"Spletna kamera Kronplatz - Dolomiti","og_description":"Spletna kamera Kronplatz - Pogled v realnem \u010dasu na vreme, proge in smu\u010darske razmere. Na\u010drtujte popoln dan na \u010dudovitem smu\u010di\u0161\u010du v Dolomitih","og_url":"https:\/\/www.whatsupcams.com\/sl\/spletna-kamera-kronplatz\/","og_site_name":"WhatsUpCams - Kamere v \u017eivo","article_publisher":"https:\/\/www.facebook.com\/whatsupcams\/","article_modified_time":"2023-12-25T19:28:52+00:00","og_image":[{"url":"https:\/\/www.whatsupcams.com\/wp-content\/uploads\/2023\/12\/kronplatz_logo.jpg","type":"","width":"","height":""}],"twitter_card":"summary_large_image","twitter_site":"@Whatsup_cams","twitter_misc":{"Est. reading time":"3 minutes"},"schema":{"@context":"https:\/\/schema.org","@graph":[{"@type":"WebPage","@id":"https:\/\/www.whatsupcams.com\/sl\/spletna-kamera-kronplatz\/","url":"https:\/\/www.whatsupcams.com\/sl\/spletna-kamera-kronplatz\/","name":"Spletna kamera KROMPLATZ - DOLOMITI - Italija","isPartOf":{"@id":"https:\/\/www.whatsupcams.com\/en\/#website"},"primaryImageOfPage":{"@id":"https:\/\/www.whatsupcams.com\/sl\/spletna-kamera-kronplatz\/#primaryimage"},"image":{"@id":"https:\/\/www.whatsupcams.com\/sl\/spletna-kamera-kronplatz\/#primaryimage"},"thumbnailUrl":"https:\/\/www.whatsupcams.com\/wp-content\/uploads\/2023\/12\/kronplatz_logo.jpg","datePublished":"2023-12-25T19:14:39+00:00","dateModified":"2023-12-25T19:28:52+00:00","description":"Spletna kamera Kronplatz - Pogled v realnem \u010dasu na vreme, proge in smu\u010darske razmere. Na\u010drtujte popoln dan na \u010dudovitem smu\u010di\u0161\u010du v Dolomitih","breadcrumb":{"@id":"https:\/\/www.whatsupcams.com\/sl\/spletna-kamera-kronplatz\/#breadcrumb"},"inLanguage":"sl-SI","potentialAction":[{"@type":"ReadAction","target":["https:\/\/www.whatsupcams.com\/sl\/spletna-kamera-kronplatz\/"]}]},{"@type":"ImageObject","inLanguage":"sl-SI","@id":"https:\/\/www.whatsupcams.com\/sl\/spletna-kamera-kronplatz\/#primaryimage","url":"https:\/\/www.whatsupcams.com\/wp-content\/uploads\/2023\/12\/kronplatz_logo.jpg","contentUrl":"https:\/\/www.whatsupcams.com\/wp-content\/uploads\/2023\/12\/kronplatz_logo.jpg"},{"@type":"BreadcrumbList","@id":"https:\/\/www.whatsupcams.com\/sl\/spletna-kamera-kronplatz\/#breadcrumb","itemListElement":[{"@type":"ListItem","position":1,"name":"Home","item":"https:\/\/staging.whatsupcams.com\/sl\/home\/"},{"@type":"ListItem","position":2,"name":"Spletna kamera Kronplatz &#8211; Dolomiti"}]},{"@type":"WebSite","@id":"https:\/\/www.whatsupcams.com\/en\/#website","url":"https:\/\/www.whatsupcams.com\/en\/","name":"WhatsUpCams - Kamere v \u017eivo","description":"","publisher":{"@id":"https:\/\/www.whatsupcams.com\/en\/#organization"},"potentialAction":[{"@type":"SearchAction","target":{"@type":"EntryPoint","urlTemplate":"https:\/\/www.whatsupcams.com\/en\/?s={search_term_string}"},"query-input":{"@type":"PropertyValueSpecification","valueRequired":true,"valueName":"search_term_string"}}],"inLanguage":"sl-SI"},{"@type":"Organization","@id":"https:\/\/www.whatsupcams.com\/en\/#organization","name":"WhatsUpCams - Kamere v \u017eivo","url":"https:\/\/www.whatsupcams.com\/en\/","logo":{"@type":"ImageObject","inLanguage":"sl-SI","@id":"https:\/\/www.whatsupcams.com\/en\/#\/schema\/logo\/image\/","url":"https:\/\/wuc-wp-uploads.s3.eu-central-1.amazonaws.com\/wp-content\/uploads\/2023\/10\/16085456\/logo.png","contentUrl":"https:\/\/wuc-wp-uploads.s3.eu-central-1.amazonaws.com\/wp-content\/uploads\/2023\/10\/16085456\/logo.png","width":512,"height":512,"caption":"WhatsUpCams - Kamere v \u017eivo"},"image":{"@id":"https:\/\/www.whatsupcams.com\/en\/#\/schema\/logo\/image\/"},"sameAs":["https:\/\/www.facebook.com\/whatsupcams\/","https:\/\/x.com\/Whatsup_cams","https:\/\/www.instagram.com\/whatsup_cams\/"]}]}},"_links":{"self":[{"href":"https:\/\/staging.whatsupcams.com\/sl\/wp-json\/wp\/v2\/pages\/63750","targetHints":{"allow":["GET"]}}],"collection":[{"href":"https:\/\/staging.whatsupcams.com\/sl\/wp-json\/wp\/v2\/pages"}],"about":[{"href":"https:\/\/staging.whatsupcams.com\/sl\/wp-json\/wp\/v2\/types\/page"}],"author":[{"embeddable":true,"href":"https:\/\/staging.whatsupcams.com\/sl\/wp-json\/wp\/v2\/users\/3"}],"replies":[{"embeddable":true,"href":"https:\/\/staging.whatsupcams.com\/sl\/wp-json\/wp\/v2\/comments?post=63750"}],"version-history":[{"count":0,"href":"https:\/\/staging.whatsupcams.com\/sl\/wp-json\/wp\/v2\/pages\/63750\/revisions"}],"wp:attachment":[{"href":"https:\/\/staging.whatsupcams.com\/sl\/wp-json\/wp\/v2\/media?parent=63750"}],"curies":[{"name":"wp","href":"https:\/\/api.w.org\/{rel}","templated":true}]}}