{"id":63910,"date":"2023-12-31T11:31:56","date_gmt":"2023-12-31T10:31:56","guid":{"rendered":"https:\/\/www.whatsupcams.com\/?page_id=63910"},"modified":"2023-12-31T13:05:36","modified_gmt":"2023-12-31T12:05:36","slug":"livigno-cam-smucisce-spletna-kamera","status":"publish","type":"page","link":"https:\/\/staging.whatsupcams.com\/sl\/livigno-cam-smucisce-spletna-kamera\/","title":{"rendered":"LIVIGNO Cam Smu\u010di\u0161\u010de | Spletna kamera"},"content":{"rendered":"<h2>Odkrijte \u010carobnost Livigna skozi Na\u0161e Spletne Kamere: Pripravljeni na Sanjsko Smu\u010darsko Izku\u0161njo &#8211; Livigno Cam!<\/h2>\n<p><strong>Livigno Cam<\/strong>, destinacija, ki navdu\u0161uje s svojo naravno lepoto in pestrostjo ponudbe, vabi vse ljubitelje zimskega \u0161porta k nepozabnim do\u017eivetjem na smu\u010di\u0161\u010du. Spremljajte vsak trenutek svojega bivanja s pomo\u010djo naprednih spletnih kamer, ki vam omogo\u010dajo vpogled v dogajanje na <strong>smu\u010di\u0161\u010du Livign<\/strong>o v realnem \u010dasu. Pridobite prednosti, ki jih prina\u0161a vremenska kamera, da boste lahko na\u010drtovali svoje smu\u010darske po\u010ditnice v popolnosti.<\/p>\n<p>&nbsp;<\/p>\n<h4><a href=\"https:\/\/staging.whatsupcams.com\/sl\/webcams\/italija\/lombardija\/livigno-sl\/livigno-webcam-ski-school-area\/\" target=\"_blank\" rel=\"noopener\">Livigno LIVE cam smu\u010di\u0161\u010de | pogled na smu\u010darske proge<\/a>\u00a0 \u00a0 \u00a0 \u00a0 \u00a0 \u00a0<a href=\"https:\/\/www.whatsupcams.com\/sl\/webcams\/italija\/lombardija\/livigno-sl\/neverjetna-spletna-kamera-livigno-panoramski-pogled-iz-hotela-teola\/\" target=\"_blank\" rel=\"noopener\">Spletna kamera Livigno panorama | pogled iz hotela Teola<\/a><\/h4>\n<p><a href=\"https:\/\/www.whatsupcams.com\/sl\/webcams\/italija\/lombardija\/livigno-sl\/livigno-webcam-ski-school-area\/\" target=\"_blank\" rel=\"noopener\"><img fetchpriority=\"high\" decoding=\"async\" class=\"alignnone wp-image-60614\" title=\"Livigno LIVE cam smu\u010di\u0161\u010de | pogled na smu\u010darske proge\" src=\"https:\/\/www.whatsupcams.com\/wp-content\/uploads\/2023\/04\/webcam_ski_center_livigno_snow_forecast_550.jpg\" alt=\"Livigno LIVE cam smu\u010di\u0161\u010de\" width=\"401\" height=\"205\" srcset=\"https:\/\/wuc-wp-uploads.s3.eu-central-1.amazonaws.com\/wp-content\/uploads\/2023\/04\/23104441\/webcam_ski_center_livigno_snow_forecast_550.jpg 550w, https:\/\/wuc-wp-uploads.s3.eu-central-1.amazonaws.com\/wp-content\/uploads\/2023\/04\/23104441\/webcam_ski_center_livigno_snow_forecast_550-300x153.jpg 300w\" sizes=\"(max-width: 401px) 100vw, 401px\" \/><\/a> \u00a0 <a href=\"https:\/\/www.whatsupcams.com\/sl\/webcams\/italija\/lombardija\/livigno-sl\/neverjetna-spletna-kamera-livigno-panoramski-pogled-iz-hotela-teola\/\" target=\"_blank\" rel=\"noopener\"><img decoding=\"async\" class=\"alignnone wp-image-60513 size-full\" title=\"Spletna kamera Livigno panorama | pogled iz hotela Teola\" src=\"https:\/\/www.whatsupcams.com\/wp-content\/uploads\/2023\/04\/webcam_livigno_valtellina_hotel_teola_400.jpg\" alt=\"Spletna kamera Livigno panorama\" width=\"400\" height=\"204\" srcset=\"https:\/\/wuc-wp-uploads.s3.eu-central-1.amazonaws.com\/wp-content\/uploads\/2023\/04\/22084100\/webcam_livigno_valtellina_hotel_teola_400.jpg 400w, https:\/\/wuc-wp-uploads.s3.eu-central-1.amazonaws.com\/wp-content\/uploads\/2023\/04\/22084100\/webcam_livigno_valtellina_hotel_teola_400-300x153.jpg 300w\" sizes=\"(max-width: 400px) 100vw, 400px\" \/><\/a><\/p>\n<p>&nbsp;<br \/>\n<script async src=\"https:\/\/pagead2.googlesyndication.com\/pagead\/js\/adsbygoogle.js\"><\/script><br \/>\n<!-- layout_1_top_responsive --><br \/>\n<ins class=\"adsbygoogle\" style=\"display: block;\" data-ad-client=\"ca-pub-4377340903939446\" data-ad-slot=\"9893507328\" data-ad-format=\"auto\" data-full-width-responsive=\"true\"><\/ins><br \/>\n<script>\n     (adsbygoogle = window.adsbygoogle || []).push({});\n<\/script><\/p>\n<p>Za\u010dnite svojo virtualno popotovanje z <strong>Livigno spletno kamero<\/strong>, ki vam bo omogo\u010dila, da se predhodno prepri\u010date o vremenskih razmerah in snegu na smu\u010di\u0161\u010du. S tem vam bo la\u017eje organizirati svoj dopust in se prepri\u010dati, ali so pogoji primerni za va\u0161e smu\u010darske podvige. Webcam Livigno vam prina\u0161a zanesljive informacije, ki so klju\u010dne za na\u010drtovanje brezskrbnih zimskih po\u010ditnic.<\/p>\n<p>Poleg tega vam ponujamo vpogled v razli\u010dne nastanitvene mo\u017enosti v Livignu. Odkrijte udobje in gostoljubje v razko\u0161nih hotelih ali si privo\u0161\u010dite ve\u010djo svobodo v udobnih apartmajih. S pomo\u010djo spletnih kamer boste lahko predhodno ocenili okolico in se prepri\u010dali, da je va\u0161a izbira popolna.<\/p>\n<p>&nbsp;<\/p>\n<h4><a href=\"https:\/\/www.whatsupcams.com\/sl\/webcams\/italija\/lombardija\/livigno-sl\/mesto-livigno-spletna-kamera-italija\/\" target=\"_blank\" rel=\"noopener\">Vreme Livigno spletna kamera | Center mesta<\/a>\u00a0 \u00a0 \u00a0 \u00a0 \u00a0 \u00a0 \u00a0 \u00a0 <a href=\"https:\/\/www.whatsupcams.com\/sl\/webcams\/italija\/lombardija\/livigno-sl\/livigno-zivo-pogled-na-mesto\/\" target=\"_blank\" rel=\"noopener\">Smu\u010di\u0161\u010de Livigno webcam | Livigno Ski<\/a><\/h4>\n<p><a href=\"https:\/\/www.whatsupcams.com\/sl\/webcams\/italija\/lombardija\/livigno-sl\/mesto-livigno-spletna-kamera-italija\/\" target=\"_blank\" rel=\"noopener\"><img decoding=\"async\" class=\"alignnone wp-image-63859 size-full\" title=\"Vreme Livigno spletna kamera | Center mesta\u00a0\" src=\"https:\/\/www.whatsupcams.com\/wp-content\/uploads\/2023\/10\/webcam_livigno_centro_livigno_weather.jpg\" alt=\"Vreme Livigno spletna kamera | Center mesta\u00a0\" width=\"500\" height=\"255\" srcset=\"https:\/\/wuc-wp-uploads.s3.eu-central-1.amazonaws.com\/wp-content\/uploads\/2023\/10\/30124618\/webcam_livigno_centro_livigno_weather.jpg 500w, https:\/\/wuc-wp-uploads.s3.eu-central-1.amazonaws.com\/wp-content\/uploads\/2023\/10\/30124618\/webcam_livigno_centro_livigno_weather-300x153.jpg 300w\" sizes=\"(max-width: 500px) 100vw, 500px\" \/><\/a>\u00a0 <a href=\"https:\/\/www.whatsupcams.com\/sl\/webcams\/italija\/lombardija\/livigno-sl\/livigno-zivo-pogled-na-mesto\/\" target=\"_blank\" rel=\"noopener\"><img loading=\"lazy\" decoding=\"async\" class=\"alignnone wp-image-60607\" title=\"Smu\u010di\u0161\u010de Livigno webcam | Livigno Ski\" src=\"https:\/\/www.whatsupcams.com\/wp-content\/uploads\/2023\/04\/livigno_live_webcam_ski_area_whatsupcams_snow_livigno_550.jpg\" alt=\"Smu\u010di\u0161\u010de Livigno webcam | Livigno Ski\" width=\"499\" height=\"255\" srcset=\"https:\/\/wuc-wp-uploads.s3.eu-central-1.amazonaws.com\/wp-content\/uploads\/2023\/04\/23104435\/livigno_live_webcam_ski_area_whatsupcams_snow_livigno_550.jpg 550w, https:\/\/wuc-wp-uploads.s3.eu-central-1.amazonaws.com\/wp-content\/uploads\/2023\/04\/23104435\/livigno_live_webcam_ski_area_whatsupcams_snow_livigno_550-300x153.jpg 300w\" sizes=\"(max-width: 499px) 100vw, 499px\" \/><\/a><\/p>\n<p>&nbsp;<\/p>\n<p>S smu\u010di\u0161\u010dem Mottolino in Carosello 3000 Livigno postane sanjski cilj za vse smu\u010darske navdu\u0161ence. Spremljajte \u017eivahno vzdu\u0161je na smu\u010di\u0161\u010du prek Webcam Livigno in se pripravite na nepozabne trenutke na belih strminah. Odkrijte raznolike proge, ki so primerne za vse stopnje izku\u0161enj, in se prepri\u010dajte, da bo vsak \u010dlan dru\u017eine na\u0161el nekaj zase.<\/p>\n<p>Ne zamudite prilo\u017enosti, da izkusite \u010darobnost zimskih po\u010ditnic v Livignu. Spremljajte Webcam <strong>Livigno Cam<\/strong>, bodite na teko\u010dem z vremenskimi razmerami in se prepri\u010dajte, da boste izkoristili vsak trenutek na smu\u010di\u0161\u010du. Livigno spletna kamera vam omogo\u010da, da svoje na\u010drte prilagodite glede na aktualne razmere, kar vam zagotavlja brezskrbno do\u017eivetje na enem najlep\u0161ih smu\u010di\u0161\u010d v Evropi.<\/p>\n<p>&nbsp;<br \/>\n<script async src=\"https:\/\/pagead2.googlesyndication.com\/pagead\/js\/adsbygoogle.js\"><\/script><br \/>\n<!-- layout_1_top_responsive --><br \/>\n<ins class=\"adsbygoogle\" style=\"display: block;\" data-ad-client=\"ca-pub-4377340903939446\" data-ad-slot=\"9893507328\" data-ad-format=\"auto\" data-full-width-responsive=\"true\"><\/ins><br \/>\n<script>\n     (adsbygoogle = window.adsbygoogle || []).push({});\n<\/script><\/p>\n<p>&nbsp;<\/p>\n<p><a href=\"https:\/\/www.carosello3000.com\/\" target=\"_blank\" rel=\"noopener\"><img loading=\"lazy\" decoding=\"async\" class=\"alignnone size-full wp-image-63930\" src=\"https:\/\/www.whatsupcams.com\/wp-content\/uploads\/2023\/12\/logo-carosello3000_whatsupcams_webcam-1.png\" alt=\"\" width=\"267\" height=\"65\" \/><\/a>\u00a0 \u00a0 \u00a0\u00a0 <a href=\"https:\/\/www.mottolino.com\/\" target=\"_blank\" rel=\"noopener\"><img loading=\"lazy\" decoding=\"async\" class=\"alignnone size-full wp-image-63916\" src=\"https:\/\/www.whatsupcams.com\/wp-content\/uploads\/2023\/12\/mottolino_livigno_webcam_logo.png\" alt=\"\" width=\"260\" height=\"176\" \/><\/a><\/p>\n<p>&nbsp;<\/p>\n","protected":false},"excerpt":{"rendered":"<p>Odkrijte \u010carobnost Livigna skozi Na\u0161e Spletne Kamere: Pripravljeni na Sanjsko Smu\u010darsko Izku\u0161njo &#8211; Livigno Cam! Livigno Cam, destinacija, ki navdu\u0161uje s svojo naravno lepoto in pestrostjo ponudbe, vabi vse ljubitelje zimskega \u0161porta k nepozabnim do\u017eivetjem na smu\u010di\u0161\u010du. Spremljajte vsak trenutek svojega bivanja s pomo\u010djo naprednih spletnih kamer, ki vam omogo\u010dajo vpogled v dogajanje na smu\u010di\u0161\u010du [&hellip;]<\/p>\n","protected":false},"author":3,"featured_media":60614,"parent":0,"menu_order":0,"comment_status":"closed","ping_status":"closed","template":"","meta":{"_acf_changed":false,"inline_featured_image":false,"footnotes":""},"class_list":["post-63910","page","type-page","status-publish","has-post-thumbnail","hentry"],"acf":[],"yoast_head":"<!-- This site is optimized with the Yoast SEO Premium plugin v25.7.1 (Yoast SEO v25.7) - https:\/\/yoast.com\/wordpress\/plugins\/seo\/ -->\n<title>LIVIGNO CAM Smu\u010di\u0161\u010de | Spletna kamera<\/title>\n<meta name=\"description\" content=\"Odkrijte \u010dar Livigno s spletno kamero. Spremljajte smu\u010di\u0161\u010de in na\u010drtujte popolne po\u010ditnice. Livigno Cam vam prina\u0161a realen vpogled.\" \/>\n<meta name=\"robots\" content=\"noindex, nofollow\" \/>\n<meta property=\"og:locale\" content=\"sl_SI\" \/>\n<meta property=\"og:type\" content=\"article\" \/>\n<meta property=\"og:title\" content=\"LIVIGNO Cam Smu\u010di\u0161\u010de | Spletna kamera\" \/>\n<meta property=\"og:description\" content=\"Odkrijte \u010dar Livigno s spletno kamero. Spremljajte smu\u010di\u0161\u010de in na\u010drtujte popolne po\u010ditnice. Livigno Cam vam prina\u0161a realen vpogled.\" \/>\n<meta property=\"og:url\" content=\"https:\/\/www.whatsupcams.com\/sl\/livigno-cam-smucisce-spletna-kamera\/\" \/>\n<meta property=\"og:site_name\" content=\"WhatsUpCams - Kamere v \u017eivo\" \/>\n<meta property=\"article:publisher\" content=\"https:\/\/www.facebook.com\/whatsupcams\/\" \/>\n<meta property=\"article:modified_time\" content=\"2023-12-31T12:05:36+00:00\" \/>\n<meta property=\"og:image\" content=\"https:\/\/wuc-wp-uploads.s3.eu-central-1.amazonaws.com\/wp-content\/uploads\/2023\/04\/23104441\/webcam_ski_center_livigno_snow_forecast_550.jpg\" \/>\n\t<meta property=\"og:image:width\" content=\"550\" \/>\n\t<meta property=\"og:image:height\" content=\"281\" \/>\n\t<meta property=\"og:image:type\" content=\"image\/jpeg\" \/>\n<meta name=\"twitter:card\" content=\"summary_large_image\" \/>\n<meta name=\"twitter:site\" content=\"@Whatsup_cams\" \/>\n<meta name=\"twitter:label1\" content=\"Est. reading time\" \/>\n\t<meta name=\"twitter:data1\" content=\"3 minutes\" \/>\n<script type=\"application\/ld+json\" class=\"yoast-schema-graph\">{\"@context\":\"https:\/\/schema.org\",\"@graph\":[{\"@type\":\"WebPage\",\"@id\":\"https:\/\/www.whatsupcams.com\/sl\/livigno-cam-smucisce-spletna-kamera\/\",\"url\":\"https:\/\/www.whatsupcams.com\/sl\/livigno-cam-smucisce-spletna-kamera\/\",\"name\":\"LIVIGNO CAM Smu\u010di\u0161\u010de | Spletna kamera\",\"isPartOf\":{\"@id\":\"https:\/\/www.whatsupcams.com\/en\/#website\"},\"primaryImageOfPage\":{\"@id\":\"https:\/\/www.whatsupcams.com\/sl\/livigno-cam-smucisce-spletna-kamera\/#primaryimage\"},\"image\":{\"@id\":\"https:\/\/www.whatsupcams.com\/sl\/livigno-cam-smucisce-spletna-kamera\/#primaryimage\"},\"thumbnailUrl\":\"https:\/\/wuc-wp-uploads.s3.eu-central-1.amazonaws.com\/wp-content\/uploads\/2023\/04\/23104441\/webcam_ski_center_livigno_snow_forecast_550.jpg\",\"datePublished\":\"2023-12-31T10:31:56+00:00\",\"dateModified\":\"2023-12-31T12:05:36+00:00\",\"description\":\"Odkrijte \u010dar Livigno s spletno kamero. Spremljajte smu\u010di\u0161\u010de in na\u010drtujte popolne po\u010ditnice. Livigno Cam vam prina\u0161a realen vpogled.\",\"breadcrumb\":{\"@id\":\"https:\/\/www.whatsupcams.com\/sl\/livigno-cam-smucisce-spletna-kamera\/#breadcrumb\"},\"inLanguage\":\"sl-SI\",\"potentialAction\":[{\"@type\":\"ReadAction\",\"target\":[\"https:\/\/www.whatsupcams.com\/sl\/livigno-cam-smucisce-spletna-kamera\/\"]}]},{\"@type\":\"ImageObject\",\"inLanguage\":\"sl-SI\",\"@id\":\"https:\/\/www.whatsupcams.com\/sl\/livigno-cam-smucisce-spletna-kamera\/#primaryimage\",\"url\":\"https:\/\/wuc-wp-uploads.s3.eu-central-1.amazonaws.com\/wp-content\/uploads\/2023\/04\/23104441\/webcam_ski_center_livigno_snow_forecast_550.jpg\",\"contentUrl\":\"https:\/\/wuc-wp-uploads.s3.eu-central-1.amazonaws.com\/wp-content\/uploads\/2023\/04\/23104441\/webcam_ski_center_livigno_snow_forecast_550.jpg\",\"width\":550,\"height\":281,\"caption\":\"webcam livigno\"},{\"@type\":\"BreadcrumbList\",\"@id\":\"https:\/\/www.whatsupcams.com\/sl\/livigno-cam-smucisce-spletna-kamera\/#breadcrumb\",\"itemListElement\":[{\"@type\":\"ListItem\",\"position\":1,\"name\":\"Home\",\"item\":\"https:\/\/staging.whatsupcams.com\/sl\/home\/\"},{\"@type\":\"ListItem\",\"position\":2,\"name\":\"LIVIGNO Cam Smu\u010di\u0161\u010de | Spletna kamera\"}]},{\"@type\":\"WebSite\",\"@id\":\"https:\/\/www.whatsupcams.com\/en\/#website\",\"url\":\"https:\/\/www.whatsupcams.com\/en\/\",\"name\":\"WhatsUpCams - Kamere v \u017eivo\",\"description\":\"\",\"publisher\":{\"@id\":\"https:\/\/www.whatsupcams.com\/en\/#organization\"},\"potentialAction\":[{\"@type\":\"SearchAction\",\"target\":{\"@type\":\"EntryPoint\",\"urlTemplate\":\"https:\/\/www.whatsupcams.com\/en\/?s={search_term_string}\"},\"query-input\":{\"@type\":\"PropertyValueSpecification\",\"valueRequired\":true,\"valueName\":\"search_term_string\"}}],\"inLanguage\":\"sl-SI\"},{\"@type\":\"Organization\",\"@id\":\"https:\/\/www.whatsupcams.com\/en\/#organization\",\"name\":\"WhatsUpCams - Kamere v \u017eivo\",\"url\":\"https:\/\/www.whatsupcams.com\/en\/\",\"logo\":{\"@type\":\"ImageObject\",\"inLanguage\":\"sl-SI\",\"@id\":\"https:\/\/www.whatsupcams.com\/en\/#\/schema\/logo\/image\/\",\"url\":\"https:\/\/wuc-wp-uploads.s3.eu-central-1.amazonaws.com\/wp-content\/uploads\/2023\/10\/16085456\/logo.png\",\"contentUrl\":\"https:\/\/wuc-wp-uploads.s3.eu-central-1.amazonaws.com\/wp-content\/uploads\/2023\/10\/16085456\/logo.png\",\"width\":512,\"height\":512,\"caption\":\"WhatsUpCams - Kamere v \u017eivo\"},\"image\":{\"@id\":\"https:\/\/www.whatsupcams.com\/en\/#\/schema\/logo\/image\/\"},\"sameAs\":[\"https:\/\/www.facebook.com\/whatsupcams\/\",\"https:\/\/x.com\/Whatsup_cams\",\"https:\/\/www.instagram.com\/whatsup_cams\/\"]}]}<\/script>\n<!-- \/ Yoast SEO Premium plugin. -->","yoast_head_json":{"title":"LIVIGNO CAM Smu\u010di\u0161\u010de | Spletna kamera","description":"Odkrijte \u010dar Livigno s spletno kamero. Spremljajte smu\u010di\u0161\u010de in na\u010drtujte popolne po\u010ditnice. Livigno Cam vam prina\u0161a realen vpogled.","robots":{"index":"noindex","follow":"nofollow"},"og_locale":"sl_SI","og_type":"article","og_title":"LIVIGNO Cam Smu\u010di\u0161\u010de | Spletna kamera","og_description":"Odkrijte \u010dar Livigno s spletno kamero. Spremljajte smu\u010di\u0161\u010de in na\u010drtujte popolne po\u010ditnice. Livigno Cam vam prina\u0161a realen vpogled.","og_url":"https:\/\/www.whatsupcams.com\/sl\/livigno-cam-smucisce-spletna-kamera\/","og_site_name":"WhatsUpCams - Kamere v \u017eivo","article_publisher":"https:\/\/www.facebook.com\/whatsupcams\/","article_modified_time":"2023-12-31T12:05:36+00:00","og_image":[{"width":550,"height":281,"url":"https:\/\/wuc-wp-uploads.s3.eu-central-1.amazonaws.com\/wp-content\/uploads\/2023\/04\/23104441\/webcam_ski_center_livigno_snow_forecast_550.jpg","type":"image\/jpeg"}],"twitter_card":"summary_large_image","twitter_site":"@Whatsup_cams","twitter_misc":{"Est. reading time":"3 minutes"},"schema":{"@context":"https:\/\/schema.org","@graph":[{"@type":"WebPage","@id":"https:\/\/www.whatsupcams.com\/sl\/livigno-cam-smucisce-spletna-kamera\/","url":"https:\/\/www.whatsupcams.com\/sl\/livigno-cam-smucisce-spletna-kamera\/","name":"LIVIGNO CAM Smu\u010di\u0161\u010de | Spletna kamera","isPartOf":{"@id":"https:\/\/www.whatsupcams.com\/en\/#website"},"primaryImageOfPage":{"@id":"https:\/\/www.whatsupcams.com\/sl\/livigno-cam-smucisce-spletna-kamera\/#primaryimage"},"image":{"@id":"https:\/\/www.whatsupcams.com\/sl\/livigno-cam-smucisce-spletna-kamera\/#primaryimage"},"thumbnailUrl":"https:\/\/wuc-wp-uploads.s3.eu-central-1.amazonaws.com\/wp-content\/uploads\/2023\/04\/23104441\/webcam_ski_center_livigno_snow_forecast_550.jpg","datePublished":"2023-12-31T10:31:56+00:00","dateModified":"2023-12-31T12:05:36+00:00","description":"Odkrijte \u010dar Livigno s spletno kamero. Spremljajte smu\u010di\u0161\u010de in na\u010drtujte popolne po\u010ditnice. Livigno Cam vam prina\u0161a realen vpogled.","breadcrumb":{"@id":"https:\/\/www.whatsupcams.com\/sl\/livigno-cam-smucisce-spletna-kamera\/#breadcrumb"},"inLanguage":"sl-SI","potentialAction":[{"@type":"ReadAction","target":["https:\/\/www.whatsupcams.com\/sl\/livigno-cam-smucisce-spletna-kamera\/"]}]},{"@type":"ImageObject","inLanguage":"sl-SI","@id":"https:\/\/www.whatsupcams.com\/sl\/livigno-cam-smucisce-spletna-kamera\/#primaryimage","url":"https:\/\/wuc-wp-uploads.s3.eu-central-1.amazonaws.com\/wp-content\/uploads\/2023\/04\/23104441\/webcam_ski_center_livigno_snow_forecast_550.jpg","contentUrl":"https:\/\/wuc-wp-uploads.s3.eu-central-1.amazonaws.com\/wp-content\/uploads\/2023\/04\/23104441\/webcam_ski_center_livigno_snow_forecast_550.jpg","width":550,"height":281,"caption":"webcam livigno"},{"@type":"BreadcrumbList","@id":"https:\/\/www.whatsupcams.com\/sl\/livigno-cam-smucisce-spletna-kamera\/#breadcrumb","itemListElement":[{"@type":"ListItem","position":1,"name":"Home","item":"https:\/\/staging.whatsupcams.com\/sl\/home\/"},{"@type":"ListItem","position":2,"name":"LIVIGNO Cam Smu\u010di\u0161\u010de | Spletna kamera"}]},{"@type":"WebSite","@id":"https:\/\/www.whatsupcams.com\/en\/#website","url":"https:\/\/www.whatsupcams.com\/en\/","name":"WhatsUpCams - Kamere v \u017eivo","description":"","publisher":{"@id":"https:\/\/www.whatsupcams.com\/en\/#organization"},"potentialAction":[{"@type":"SearchAction","target":{"@type":"EntryPoint","urlTemplate":"https:\/\/www.whatsupcams.com\/en\/?s={search_term_string}"},"query-input":{"@type":"PropertyValueSpecification","valueRequired":true,"valueName":"search_term_string"}}],"inLanguage":"sl-SI"},{"@type":"Organization","@id":"https:\/\/www.whatsupcams.com\/en\/#organization","name":"WhatsUpCams - Kamere v \u017eivo","url":"https:\/\/www.whatsupcams.com\/en\/","logo":{"@type":"ImageObject","inLanguage":"sl-SI","@id":"https:\/\/www.whatsupcams.com\/en\/#\/schema\/logo\/image\/","url":"https:\/\/wuc-wp-uploads.s3.eu-central-1.amazonaws.com\/wp-content\/uploads\/2023\/10\/16085456\/logo.png","contentUrl":"https:\/\/wuc-wp-uploads.s3.eu-central-1.amazonaws.com\/wp-content\/uploads\/2023\/10\/16085456\/logo.png","width":512,"height":512,"caption":"WhatsUpCams - Kamere v \u017eivo"},"image":{"@id":"https:\/\/www.whatsupcams.com\/en\/#\/schema\/logo\/image\/"},"sameAs":["https:\/\/www.facebook.com\/whatsupcams\/","https:\/\/x.com\/Whatsup_cams","https:\/\/www.instagram.com\/whatsup_cams\/"]}]}},"_links":{"self":[{"href":"https:\/\/staging.whatsupcams.com\/sl\/wp-json\/wp\/v2\/pages\/63910","targetHints":{"allow":["GET"]}}],"collection":[{"href":"https:\/\/staging.whatsupcams.com\/sl\/wp-json\/wp\/v2\/pages"}],"about":[{"href":"https:\/\/staging.whatsupcams.com\/sl\/wp-json\/wp\/v2\/types\/page"}],"author":[{"embeddable":true,"href":"https:\/\/staging.whatsupcams.com\/sl\/wp-json\/wp\/v2\/users\/3"}],"replies":[{"embeddable":true,"href":"https:\/\/staging.whatsupcams.com\/sl\/wp-json\/wp\/v2\/comments?post=63910"}],"version-history":[{"count":0,"href":"https:\/\/staging.whatsupcams.com\/sl\/wp-json\/wp\/v2\/pages\/63910\/revisions"}],"wp:featuredmedia":[{"embeddable":true,"href":"https:\/\/staging.whatsupcams.com\/sl\/wp-json\/wp\/v2\/media\/60614"}],"wp:attachment":[{"href":"https:\/\/staging.whatsupcams.com\/sl\/wp-json\/wp\/v2\/media?parent=63910"}],"curies":[{"name":"wp","href":"https:\/\/api.w.org\/{rel}","templated":true}]}}